{"id":634,"date":"2024-02-28T23:35:23","date_gmt":"2024-02-28T22:35:23","guid":{"rendered":"https:\/\/casaldesantvi.com\/?page_id=634"},"modified":"2024-12-24T12:24:40","modified_gmt":"2024-12-24T11:24:40","slug":"nosaltres","status":"publish","type":"page","link":"https:\/\/casaldesantvi.com\/de\/nosaltres\/","title":{"rendered":"Nosaltres"},"content":{"rendered":"\t\t<div data-elementor-type=\"wp-page\" data-elementor-id=\"634\" class=\"elementor elementor-634\" data-elementor-post-type=\"page\">\n\t\t\t\t<div class=\"elementor-element elementor-element-071630b e-flex e-con-boxed e-con e-parent\" data-id=\"071630b\" data-element_type=\"container\">\n\t\t\t\t\t<div class=\"e-con-inner\">\n\t\t\t\t<div class=\"elementor-element elementor-element-6918150 elementor-widget elementor-widget-heading\" data-id=\"6918150\" data-element_type=\"widget\" data-widget_type=\"heading.default\">\n\t\t\t\t<div class=\"elementor-widget-container\">\n\t\t\t<h2 class=\"elementor-heading-title elementor-size-default\">Wir<\/h2>\t\t<\/div>\n\t\t\t\t<\/div>\n\t\t\t\t\t<\/div>\n\t\t\t\t<\/div>\n\t\t<div class=\"elementor-element elementor-element-7e76d0e e-con-full e-flex e-con e-parent\" data-id=\"7e76d0e\" data-element_type=\"container\" data-settings=\"{&quot;background_background&quot;:&quot;classic&quot;,&quot;background_motion_fx_motion_fx_scrolling&quot;:&quot;yes&quot;,&quot;background_motion_fx_translateY_effect&quot;:&quot;yes&quot;,&quot;background_motion_fx_translateY_speed&quot;:{&quot;unit&quot;:&quot;px&quot;,&quot;size&quot;:6.1,&quot;sizes&quot;:[]},&quot;background_motion_fx_translateY_affectedRange&quot;:{&quot;unit&quot;:&quot;%&quot;,&quot;size&quot;:&quot;&quot;,&quot;sizes&quot;:{&quot;start&quot;:0,&quot;end&quot;:100}},&quot;background_motion_fx_devices&quot;:[&quot;desktop&quot;,&quot;tablet&quot;,&quot;mobile&quot;]}\">\n\t\t\t\t<\/div>\n\t\t<div class=\"elementor-element elementor-element-b67745d e-flex e-con-boxed e-con e-parent\" data-id=\"b67745d\" data-element_type=\"container\">\n\t\t\t\t\t<div class=\"e-con-inner\">\n\t\t<div class=\"elementor-element elementor-element-9e6716e e-con-full e-flex e-con e-child\" data-id=\"9e6716e\" data-element_type=\"container\">\n\t\t\t\t<div class=\"elementor-element elementor-element-e1c851c elementor-widget elementor-widget-heading\" data-id=\"e1c851c\" data-element_type=\"widget\" data-widget_type=\"heading.default\">\n\t\t\t\t<div class=\"elementor-widget-container\">\n\t\t\t<h2 class=\"elementor-heading-title elementor-size-default\">Unsere Philosophie<\/h2>\t\t<\/div>\n\t\t\t\t<\/div>\n\t\t\t\t<\/div>\n\t\t<div class=\"elementor-element elementor-element-edfc318 e-con-full e-flex e-con e-child\" data-id=\"edfc318\" data-element_type=\"container\">\n\t\t\t\t<div class=\"elementor-element elementor-element-cfba057 elementor-widget elementor-widget-heading\" data-id=\"cfba057\" data-element_type=\"widget\" data-widget_type=\"heading.default\">\n\t\t\t\t<div class=\"elementor-widget-container\">\n\t\t\t<p class=\"elementor-heading-title elementor-size-default\">Es war immer die Dorfbar, und wir wollen, dass es so bleibt, ein Ort, an dem jeder willkommen ist.\nWir sind sicher, dass wir eine tolle Location und die beste Terrasse der Region haben, mit unschlagbaren Ausblicken.\nEngagiert f\u00fcr lokale Produkte und den Erhalt der Wurzeln der katalanischen K\u00fcche.<\/p>\t\t<\/div>\n\t\t\t\t<\/div>\n\t\t\t\t<\/div>\n\t\t\t\t\t<\/div>\n\t\t\t\t<\/div>\n\t\t<div class=\"elementor-element elementor-element-4f22b10 e-flex e-con-boxed e-con e-parent\" data-id=\"4f22b10\" data-element_type=\"container\" data-settings=\"{&quot;background_background&quot;:&quot;classic&quot;}\">\n\t\t\t\t\t<div class=\"e-con-inner\">\n\t\t<div class=\"elementor-element elementor-element-5808f92 e-con-full e-flex e-con e-child\" data-id=\"5808f92\" data-element_type=\"container\">\n\t\t\t\t<div class=\"elementor-element elementor-element-a2d6127 elementor-widget elementor-widget-heading\" data-id=\"a2d6127\" data-element_type=\"widget\" data-widget_type=\"heading.default\">\n\t\t\t\t<div class=\"elementor-widget-container\">\n\t\t\t<h2 class=\"elementor-heading-title elementor-size-default\">\u201cWie El Casal gibt es nichts Vergleichbares\u201d<\/h2>\t\t<\/div>\n\t\t\t\t<\/div>\n\t\t\t\t<\/div>\n\t\t\t\t\t<\/div>\n\t\t\t\t<\/div>\n\t\t<div class=\"elementor-element elementor-element-c10deae e-con-full e-flex e-con e-parent\" data-id=\"c10deae\" data-element_type=\"container\">\n\t\t<div class=\"elementor-element elementor-element-832f473 e-con-full e-flex e-con e-child\" data-id=\"832f473\" data-element_type=\"container\">\n\t\t\t\t<div class=\"elementor-element elementor-element-07b54a0 elementor-widget elementor-widget-image\" data-id=\"07b54a0\" data-element_type=\"widget\" data-widget_type=\"image.default\">\n\t\t\t\t<div class=\"elementor-widget-container\">\n\t\t\t\t\t\t\t\t\t\t\t\t\t<img fetchpriority=\"high\" decoding=\"async\" width=\"800\" height=\"534\" src=\"https:\/\/casaldesantvi.com\/wp-content\/uploads\/2024\/03\/MONTSE-1024x684.png\" class=\"attachment-large size-large wp-image-1061\" alt=\"\" srcset=\"https:\/\/casaldesantvi.com\/wp-content\/uploads\/2024\/03\/MONTSE-1024x684.png 1024w, https:\/\/casaldesantvi.com\/wp-content\/uploads\/2024\/03\/MONTSE-300x200.png 300w, https:\/\/casaldesantvi.com\/wp-content\/uploads\/2024\/03\/MONTSE-768x513.png 768w, https:\/\/casaldesantvi.com\/wp-content\/uploads\/2024\/03\/MONTSE.png 1417w\" sizes=\"(max-width: 800px) 100vw, 800px\" \/>\t\t\t\t\t\t\t\t\t\t\t\t\t<\/div>\n\t\t\t\t<\/div>\n\t\t\t\t<div class=\"elementor-element elementor-element-c3fe6b8 elementor-widget elementor-widget-heading\" data-id=\"c3fe6b8\" data-element_type=\"widget\" data-widget_type=\"heading.default\">\n\t\t\t\t<div class=\"elementor-widget-container\">\n\t\t\t<h2 class=\"elementor-heading-title elementor-size-default\">La Montse<\/h2>\t\t<\/div>\n\t\t\t\t<\/div>\n\t\t\t\t<div class=\"elementor-element elementor-element-8ee9c9e elementor-widget elementor-widget-heading\" data-id=\"8ee9c9e\" data-element_type=\"widget\" data-widget_type=\"heading.default\">\n\t\t\t\t<div class=\"elementor-widget-container\">\n\t\t\t<p class=\"elementor-heading-title elementor-size-default\">Mit ihr und ihrem K\u00fcchenteam werdet ihr euch die Finger ablecken, unsere K\u00fcche ist einzigartig! Sie ist diejenige, die daf\u00fcr sorgt, dass es nichts gibt wie El Casal.<\/p>\t\t<\/div>\n\t\t\t\t<\/div>\n\t\t\t\t<\/div>\n\t\t<div class=\"elementor-element elementor-element-f371ff6 e-con-full e-flex e-con e-child\" data-id=\"f371ff6\" data-element_type=\"container\">\n\t\t\t\t<div class=\"elementor-element elementor-element-4258dd3 elementor-widget elementor-widget-image\" data-id=\"4258dd3\" data-element_type=\"widget\" data-widget_type=\"image.default\">\n\t\t\t\t<div class=\"elementor-widget-container\">\n\t\t\t\t\t\t\t\t\t\t\t\t\t<img decoding=\"async\" width=\"800\" height=\"534\" src=\"https:\/\/casaldesantvi.com\/wp-content\/uploads\/2024\/03\/MARC-1024x684.png\" class=\"attachment-large size-large wp-image-1060\" alt=\"\" srcset=\"https:\/\/casaldesantvi.com\/wp-content\/uploads\/2024\/03\/MARC-1024x684.png 1024w, https:\/\/casaldesantvi.com\/wp-content\/uploads\/2024\/03\/MARC-300x200.png 300w, https:\/\/casaldesantvi.com\/wp-content\/uploads\/2024\/03\/MARC-768x513.png 768w, https:\/\/casaldesantvi.com\/wp-content\/uploads\/2024\/03\/MARC.png 1417w\" sizes=\"(max-width: 800px) 100vw, 800px\" \/>\t\t\t\t\t\t\t\t\t\t\t\t\t<\/div>\n\t\t\t\t<\/div>\n\t\t\t\t<div class=\"elementor-element elementor-element-14ef2ee elementor-widget elementor-widget-heading\" data-id=\"14ef2ee\" data-element_type=\"widget\" data-widget_type=\"heading.default\">\n\t\t\t\t<div class=\"elementor-widget-container\">\n\t\t\t<h2 class=\"elementor-heading-title elementor-size-default\">Das Team\n\n<\/h2>\t\t<\/div>\n\t\t\t\t<\/div>\n\t\t\t\t<div class=\"elementor-element elementor-element-40718b3 elementor-widget elementor-widget-heading\" data-id=\"40718b3\" data-element_type=\"widget\" data-widget_type=\"heading.default\">\n\t\t\t\t<div class=\"elementor-widget-container\">\n\t\t\t<p class=\"elementor-heading-title elementor-size-default\">El Casal ist eine famili\u00e4re Bar mit einem nahen Team. Mit einem dynamischen Service, der sich an jede Person anpasst. Wir sind die Bar-Restaurant des Dorfes, und jeder ist willkommen.<\/p>\t\t<\/div>\n\t\t\t\t<\/div>\n\t\t\t\t<\/div>\n\t\t<div class=\"elementor-element elementor-element-32033c5 e-con-full e-flex e-con e-child\" data-id=\"32033c5\" data-element_type=\"container\">\n\t\t\t\t<div class=\"elementor-element elementor-element-8667b90 elementor-widget elementor-widget-image\" data-id=\"8667b90\" data-element_type=\"widget\" data-widget_type=\"image.default\">\n\t\t\t\t<div class=\"elementor-widget-container\">\n\t\t\t\t\t\t\t\t\t\t\t\t\t<img decoding=\"async\" width=\"800\" height=\"534\" src=\"https:\/\/casaldesantvi.com\/wp-content\/uploads\/2024\/03\/JOAN-1024x684.png\" class=\"attachment-large size-large wp-image-1064\" alt=\"\" srcset=\"https:\/\/casaldesantvi.com\/wp-content\/uploads\/2024\/03\/JOAN-1024x684.png 1024w, https:\/\/casaldesantvi.com\/wp-content\/uploads\/2024\/03\/JOAN-300x200.png 300w, https:\/\/casaldesantvi.com\/wp-content\/uploads\/2024\/03\/JOAN-768x513.png 768w, https:\/\/casaldesantvi.com\/wp-content\/uploads\/2024\/03\/JOAN.png 1417w\" sizes=\"(max-width: 800px) 100vw, 800px\" \/>\t\t\t\t\t\t\t\t\t\t\t\t\t<\/div>\n\t\t\t\t<\/div>\n\t\t\t\t<div class=\"elementor-element elementor-element-e2bb286 elementor-widget elementor-widget-heading\" data-id=\"e2bb286\" data-element_type=\"widget\" data-widget_type=\"heading.default\">\n\t\t\t\t<div class=\"elementor-widget-container\">\n\t\t\t<h2 class=\"elementor-heading-title elementor-size-default\">En Joan<\/h2>\t\t<\/div>\n\t\t\t\t<\/div>\n\t\t\t\t<div class=\"elementor-element elementor-element-5e4af3c elementor-widget elementor-widget-heading\" data-id=\"5e4af3c\" data-element_type=\"widget\" data-widget_type=\"heading.default\">\n\t\t\t\t<div class=\"elementor-widget-container\">\n\t\t\t<p class=\"elementor-heading-title elementor-size-default\">Immer ein Freund der Party und des Spa\u00dfes! Er wird die Bar mit euch schlie\u00dfen.\n\n<\/p>\t\t<\/div>\n\t\t\t\t<\/div>\n\t\t\t\t<\/div>\n\t\t\t\t<\/div>\n\t\t<div class=\"elementor-element elementor-element-f9f97c1 e-flex e-con-boxed e-con e-parent\" data-id=\"f9f97c1\" data-element_type=\"container\">\n\t\t\t\t\t<div class=\"e-con-inner\">\n\t\t\t\t<div class=\"elementor-element elementor-element-2395305 elementor-widget elementor-widget-heading\" data-id=\"2395305\" data-element_type=\"widget\" data-widget_type=\"heading.default\">\n\t\t\t\t<div class=\"elementor-widget-container\">\n\t\t\t<h2 class=\"elementor-heading-title elementor-size-default\">M\u00f6chtest du mit uns arbeiten?\n\n<\/h2>\t\t<\/div>\n\t\t\t\t<\/div>\n\t\t\t\t<div class=\"elementor-element elementor-element-9733700 elementor-widget elementor-widget-heading\" data-id=\"9733700\" data-element_type=\"widget\" data-widget_type=\"heading.default\">\n\t\t\t\t<div class=\"elementor-widget-container\">\n\t\t\t<p class=\"elementor-heading-title elementor-size-default\">Schick uns deinen Lebenslauf an admin@casaldesantvi.com<\/p>\t\t<\/div>\n\t\t\t\t<\/div>\n\t\t\t\t\t<\/div>\n\t\t\t\t<\/div>\n\t\t\t\t<\/div>\n\t\t","protected":false},"excerpt":{"rendered":"<p>Nosaltres La nostra filosofia Sempre ha set el bar del poble i volem que ho continu\u00ef essent, on tothom \u00e9s benvingut. Estem segurs de tenir un bon local i la millor terrassa de la comarca, amb unes vistes inmillorables. Compromesos amb el producte de proximitat i conservant les arrels de la cuina catalana. \u201cCom el [&hellip;]<\/p>\n","protected":false},"author":1,"featured_media":0,"parent":0,"menu_order":0,"comment_status":"closed","ping_status":"closed","template":"elementor_header_footer","meta":{"footnotes":""},"class_list":["post-634","page","type-page","status-publish","hentry"],"_links":{"self":[{"href":"https:\/\/casaldesantvi.com\/de\/wp-json\/wp\/v2\/pages\/634"}],"collection":[{"href":"https:\/\/casaldesantvi.com\/de\/wp-json\/wp\/v2\/pages"}],"about":[{"href":"https:\/\/casaldesantvi.com\/de\/wp-json\/wp\/v2\/types\/page"}],"author":[{"embeddable":true,"href":"https:\/\/casaldesantvi.com\/de\/wp-json\/wp\/v2\/users\/1"}],"replies":[{"embeddable":true,"href":"https:\/\/casaldesantvi.com\/de\/wp-json\/wp\/v2\/comments?post=634"}],"version-history":[{"count":46,"href":"https:\/\/casaldesantvi.com\/de\/wp-json\/wp\/v2\/pages\/634\/revisions"}],"predecessor-version":[{"id":1404,"href":"https:\/\/casaldesantvi.com\/de\/wp-json\/wp\/v2\/pages\/634\/revisions\/1404"}],"wp:attachment":[{"href":"https:\/\/casaldesantvi.com\/de\/wp-json\/wp\/v2\/media?parent=634"}],"curies":[{"name":"wp","href":"https:\/\/api.w.org\/{rel}","templated":true}]}}