{"id":636,"date":"2024-02-28T23:35:55","date_gmt":"2024-02-28T22:35:55","guid":{"rendered":"https:\/\/casaldesantvi.com\/?page_id=636"},"modified":"2024-12-24T11:39:34","modified_gmt":"2024-12-24T10:39:34","slug":"descobreix-sant-vicens-de-torello","status":"publish","type":"page","link":"https:\/\/casaldesantvi.com\/en\/descobreix-sant-vicens-de-torello\/","title":{"rendered":"Discover Sant Vicens"},"content":{"rendered":"\t\t<div data-elementor-type=\"wp-page\" data-elementor-id=\"636\" class=\"elementor elementor-636\" data-elementor-post-type=\"page\">\n\t\t\t\t<div class=\"elementor-element elementor-element-d8679a5 e-flex e-con-boxed e-con e-parent\" data-id=\"d8679a5\" data-element_type=\"container\" data-settings=\"{&quot;background_background&quot;:&quot;video&quot;,&quot;background_video_link&quot;:&quot;https:\\\/\\\/www.youtube.com\\\/watch?v=77BQIgBK6XY&quot;,&quot;background_video_start&quot;:24,&quot;background_play_on_mobile&quot;:&quot;yes&quot;}\">\n\t\t\t\t\t<div class=\"e-con-inner\">\n\t\t<div class=\"elementor-background-video-container\">\n\t\t\t\t\t\t\t<div class=\"elementor-background-video-embed\"><\/div>\n\t\t\t\t\t\t<\/div>\t\t<div class=\"elementor-element elementor-element-832eeb6 elementor-widget elementor-widget-heading\" data-id=\"832eeb6\" data-element_type=\"widget\" data-widget_type=\"heading.default\">\n\t\t\t\t<div class=\"elementor-widget-container\">\n\t\t\t<h2 class=\"elementor-heading-title elementor-size-default\">DISCOVER SANT VICEN\u00c7<\/h2>\t\t<\/div>\n\t\t\t\t<\/div>\n\t\t\t\t<div class=\"elementor-element elementor-element-47bbfd1 elementor-widget elementor-widget-heading\" data-id=\"47bbfd1\" data-element_type=\"widget\" data-widget_type=\"heading.default\">\n\t\t\t\t<div class=\"elementor-widget-container\">\n\t\t\t<p class=\"elementor-heading-title elementor-size-default\">Discover the wonders of Sant Vicen\u00e7 de Torell\u00f3!<\/p>\t\t<\/div>\n\t\t\t\t<\/div>\n\t\t\t\t\t<\/div>\n\t\t\t\t<\/div>\n\t\t<div class=\"elementor-element elementor-element-18db189 e-flex e-con-boxed e-con e-parent\" data-id=\"18db189\" data-element_type=\"container\">\n\t\t\t\t\t<div class=\"e-con-inner\">\n\t\t<div class=\"elementor-element elementor-element-0bdd562 e-con-full e-flex e-con e-child\" data-id=\"0bdd562\" data-element_type=\"container\">\n\t\t\t\t<div class=\"elementor-element elementor-element-91fc153 elementor-widget elementor-widget-image\" data-id=\"91fc153\" data-element_type=\"widget\" data-widget_type=\"image.default\">\n\t\t\t\t<div class=\"elementor-widget-container\">\n\t\t\t\t\t\t\t\t\t\t\t\t\t<img fetchpriority=\"high\" decoding=\"async\" width=\"800\" height=\"400\" src=\"https:\/\/casaldesantvi.com\/wp-content\/uploads\/2024\/03\/el-jardinet-casal-1024x512.webp\" class=\"attachment-large size-large wp-image-895\" alt=\"\" srcset=\"https:\/\/casaldesantvi.com\/wp-content\/uploads\/2024\/03\/el-jardinet-casal-1024x512.webp 1024w, https:\/\/casaldesantvi.com\/wp-content\/uploads\/2024\/03\/el-jardinet-casal-300x150.webp 300w, https:\/\/casaldesantvi.com\/wp-content\/uploads\/2024\/03\/el-jardinet-casal-768x384.webp 768w, https:\/\/casaldesantvi.com\/wp-content\/uploads\/2024\/03\/el-jardinet-casal.webp 1200w\" sizes=\"(max-width: 800px) 100vw, 800px\" \/>\t\t\t\t\t\t\t\t\t\t\t\t\t<\/div>\n\t\t\t\t<\/div>\n\t\t\t\t<\/div>\n\t\t<div class=\"elementor-element elementor-element-8d709d3 e-con-full e-flex e-con e-child\" data-id=\"8d709d3\" data-element_type=\"container\">\n\t\t\t\t<div class=\"elementor-element elementor-element-829054b elementor-widget elementor-widget-heading\" data-id=\"829054b\" data-element_type=\"widget\" data-widget_type=\"heading.default\">\n\t\t\t\t<div class=\"elementor-widget-container\">\n\t\t\t<h4 class=\"elementor-heading-title elementor-size-default\">El Jardinet del Casal<\/h4>\t\t<\/div>\n\t\t\t\t<\/div>\n\t\t\t\t<div class=\"elementor-element elementor-element-59072ac elementor-widget elementor-widget-heading\" data-id=\"59072ac\" data-element_type=\"widget\" data-widget_type=\"heading.default\">\n\t\t\t\t<div class=\"elementor-widget-container\">\n\t\t\t<p class=\"elementor-heading-title elementor-size-default\">A small shed where you can buy plants in the most authentic way!\n<\/p>\t\t<\/div>\n\t\t\t\t<\/div>\n\t\t\t\t<div class=\"elementor-element elementor-element-fa12af6 elementor-widget elementor-widget-button\" data-id=\"fa12af6\" data-element_type=\"widget\" data-widget_type=\"button.default\">\n\t\t\t\t<div class=\"elementor-widget-container\">\n\t\t\t\t\t\t\t\t<a class=\"elementor-button elementor-button-link elementor-size-sm\" href=\"https:\/\/www.instagram.com\/eljardinetdelcasal\/\">\n\t\t\t\t\t\t<span class=\"elementor-button-content-wrapper\">\n\t\t\t\t\t\t\t\t\t<span class=\"elementor-button-text\">Take a look at their Instagram<\/span>\n\t\t\t\t\t<\/span>\n\t\t\t\t\t<\/a>\n\t\t\t\t\t\t<\/div>\n\t\t\t\t<\/div>\n\t\t\t\t<\/div>\n\t\t\t\t\t<\/div>\n\t\t\t\t<\/div>\n\t\t<div class=\"elementor-element elementor-element-389ed4e e-flex e-con-boxed e-con e-parent\" data-id=\"389ed4e\" data-element_type=\"container\">\n\t\t\t\t\t<div class=\"e-con-inner\">\n\t\t<div class=\"elementor-element elementor-element-ec19366 e-con-full e-flex e-con e-child\" data-id=\"ec19366\" data-element_type=\"container\">\n\t\t\t\t<div class=\"elementor-element elementor-element-b897c1c elementor-widget elementor-widget-heading\" data-id=\"b897c1c\" data-element_type=\"widget\" data-widget_type=\"heading.default\">\n\t\t\t\t<div class=\"elementor-widget-container\">\n\t\t\t<h4 class=\"elementor-heading-title elementor-size-default\">Forn de pa Glina<\/h4>\t\t<\/div>\n\t\t\t\t<\/div>\n\t\t\t\t<div class=\"elementor-element elementor-element-9fedcb9 elementor-widget elementor-widget-heading\" data-id=\"9fedcb9\" data-element_type=\"widget\" data-widget_type=\"heading.default\">\n\t\t\t\t<div class=\"elementor-widget-container\">\n\t\t\t<p class=\"elementor-heading-title elementor-size-default\">One of the few artisanal bakeries and pastry shops in the region, don\u2019t miss it!\nOpen on Sundays.<\/p>\t\t<\/div>\n\t\t\t\t<\/div>\n\t\t\t\t<div class=\"elementor-element elementor-element-676d98d elementor-widget elementor-widget-button\" data-id=\"676d98d\" data-element_type=\"widget\" data-widget_type=\"button.default\">\n\t\t\t\t<div class=\"elementor-widget-container\">\n\t\t\t\t\t\t\t\t<a class=\"elementor-button elementor-button-link elementor-size-sm\" href=\"http:\/\/instagram.com\/forndepaglina\/\">\n\t\t\t\t\t\t<span class=\"elementor-button-content-wrapper\">\n\t\t\t\t\t\t\t\t\t<span class=\"elementor-button-text\">Take a look at their Instagram<\/span>\n\t\t\t\t\t<\/span>\n\t\t\t\t\t<\/a>\n\t\t\t\t\t\t<\/div>\n\t\t\t\t<\/div>\n\t\t\t\t<\/div>\n\t\t<div class=\"elementor-element elementor-element-6d84dfa e-con-full e-flex e-con e-child\" data-id=\"6d84dfa\" data-element_type=\"container\">\n\t\t\t\t<div class=\"elementor-element elementor-element-b64e37c elementor-widget elementor-widget-image\" data-id=\"b64e37c\" data-element_type=\"widget\" data-widget_type=\"image.default\">\n\t\t\t\t<div class=\"elementor-widget-container\">\n\t\t\t\t\t\t\t\t\t\t\t\t\t<img decoding=\"async\" width=\"800\" height=\"400\" src=\"https:\/\/casaldesantvi.com\/wp-content\/uploads\/2024\/03\/forn-glina-1024x512.webp\" class=\"attachment-large size-large wp-image-898\" alt=\"\" srcset=\"https:\/\/casaldesantvi.com\/wp-content\/uploads\/2024\/03\/forn-glina-1024x512.webp 1024w, https:\/\/casaldesantvi.com\/wp-content\/uploads\/2024\/03\/forn-glina-300x150.webp 300w, https:\/\/casaldesantvi.com\/wp-content\/uploads\/2024\/03\/forn-glina-768x384.webp 768w, https:\/\/casaldesantvi.com\/wp-content\/uploads\/2024\/03\/forn-glina.webp 1200w\" sizes=\"(max-width: 800px) 100vw, 800px\" \/>\t\t\t\t\t\t\t\t\t\t\t\t\t<\/div>\n\t\t\t\t<\/div>\n\t\t\t\t<\/div>\n\t\t\t\t\t<\/div>\n\t\t\t\t<\/div>\n\t\t<div class=\"elementor-element elementor-element-659f6c6 e-flex e-con-boxed e-con e-parent\" data-id=\"659f6c6\" data-element_type=\"container\">\n\t\t\t\t\t<div class=\"e-con-inner\">\n\t\t<div class=\"elementor-element elementor-element-7edc735 e-con-full e-flex e-con e-child\" data-id=\"7edc735\" data-element_type=\"container\">\n\t\t\t\t<div class=\"elementor-element elementor-element-ac01076 elementor-widget elementor-widget-image\" data-id=\"ac01076\" data-element_type=\"widget\" data-widget_type=\"image.default\">\n\t\t\t\t<div class=\"elementor-widget-container\">\n\t\t\t\t\t\t\t\t\t\t\t\t\t<img decoding=\"async\" width=\"800\" height=\"400\" src=\"https:\/\/casaldesantvi.com\/wp-content\/uploads\/2024\/03\/castell-torello-1024x512.webp\" class=\"attachment-large size-large wp-image-899\" alt=\"\" srcset=\"https:\/\/casaldesantvi.com\/wp-content\/uploads\/2024\/03\/castell-torello-1024x512.webp 1024w, https:\/\/casaldesantvi.com\/wp-content\/uploads\/2024\/03\/castell-torello-300x150.webp 300w, https:\/\/casaldesantvi.com\/wp-content\/uploads\/2024\/03\/castell-torello-768x384.webp 768w, https:\/\/casaldesantvi.com\/wp-content\/uploads\/2024\/03\/castell-torello.webp 1200w\" sizes=\"(max-width: 800px) 100vw, 800px\" \/>\t\t\t\t\t\t\t\t\t\t\t\t\t<\/div>\n\t\t\t\t<\/div>\n\t\t\t\t<\/div>\n\t\t<div class=\"elementor-element elementor-element-5fed1d1 e-con-full e-flex e-con e-child\" data-id=\"5fed1d1\" data-element_type=\"container\">\n\t\t\t\t<div class=\"elementor-element elementor-element-8998b0f elementor-widget elementor-widget-heading\" data-id=\"8998b0f\" data-element_type=\"widget\" data-widget_type=\"heading.default\">\n\t\t\t\t<div class=\"elementor-widget-container\">\n\t\t\t<h4 class=\"elementor-heading-title elementor-size-default\">Castell dels Torell\u00f3<\/h4>\t\t<\/div>\n\t\t\t\t<\/div>\n\t\t\t\t<div class=\"elementor-element elementor-element-e7f7fe6 elementor-widget elementor-widget-heading\" data-id=\"e7f7fe6\" data-element_type=\"widget\" data-widget_type=\"heading.default\">\n\t\t\t\t<div class=\"elementor-widget-container\">\n\t\t\t<p class=\"elementor-heading-title elementor-size-default\">Also known as the \u201cCastell dels Moros,\u201d it is preserved in a ruinous state. The route up the hill is easy and accessible. Once at the top, the views over the Pyrenees and the Vic Plain are beautiful.\n<\/p>\t\t<\/div>\n\t\t\t\t<\/div>\n\t\t\t\t<div class=\"elementor-element elementor-element-e429efe elementor-widget elementor-widget-button\" data-id=\"e429efe\" data-element_type=\"widget\" data-widget_type=\"button.default\">\n\t\t\t\t<div class=\"elementor-widget-container\">\n\t\t\t\t\t\t\t\t<a class=\"elementor-button elementor-button-link elementor-size-sm\" href=\"https:\/\/ca.wikiloc.com\/rutes-senderisme\/volta-al-castell-dels-moros-sant-vicenc-de-torello-ges-bisaura-65404394\">\n\t\t\t\t\t\t<span class=\"elementor-button-content-wrapper\">\n\t\t\t\t\t\t\t\t\t<span class=\"elementor-button-text\">Here is the walking route<\/span>\n\t\t\t\t\t<\/span>\n\t\t\t\t\t<\/a>\n\t\t\t\t\t\t<\/div>\n\t\t\t\t<\/div>\n\t\t\t\t<\/div>\n\t\t\t\t\t<\/div>\n\t\t\t\t<\/div>\n\t\t<div class=\"elementor-element elementor-element-770fe4d e-flex e-con-boxed e-con e-parent\" data-id=\"770fe4d\" data-element_type=\"container\">\n\t\t\t\t\t<div class=\"e-con-inner\">\n\t\t<div class=\"elementor-element elementor-element-1439fab e-con-full e-flex e-con e-child\" data-id=\"1439fab\" data-element_type=\"container\">\n\t\t\t\t<div class=\"elementor-element elementor-element-14e098e elementor-widget elementor-widget-heading\" data-id=\"14e098e\" data-element_type=\"widget\" data-widget_type=\"heading.default\">\n\t\t\t\t<div class=\"elementor-widget-container\">\n\t\t\t<h4 class=\"elementor-heading-title elementor-size-default\">H\u00edpica Maver<\/h4>\t\t<\/div>\n\t\t\t\t<\/div>\n\t\t\t\t<div class=\"elementor-element elementor-element-71df8ee elementor-widget elementor-widget-heading\" data-id=\"71df8ee\" data-element_type=\"widget\" data-widget_type=\"heading.default\">\n\t\t\t\t<div class=\"elementor-widget-container\">\n\t\t\t<p class=\"elementor-heading-title elementor-size-default\">One of the few artisanal bakeries and pastry shops in the region, don\u2019t miss it!\nOpen on Sundays.<\/p>\t\t<\/div>\n\t\t\t\t<\/div>\n\t\t\t\t<div class=\"elementor-element elementor-element-aa58bb9 elementor-widget elementor-widget-button\" data-id=\"aa58bb9\" data-element_type=\"widget\" data-widget_type=\"button.default\">\n\t\t\t\t<div class=\"elementor-widget-container\">\n\t\t\t\t\t\t\t\t<a class=\"elementor-button elementor-button-link elementor-size-sm\" href=\"https:\/\/goo.gl\/maps\/M9ehjBBfFkESUwpS9\">\n\t\t\t\t\t\t<span class=\"elementor-button-content-wrapper\">\n\t\t\t\t\t\t\t\t\t<span class=\"elementor-button-text\">Get more information<\/span>\n\t\t\t\t\t<\/span>\n\t\t\t\t\t<\/a>\n\t\t\t\t\t\t<\/div>\n\t\t\t\t<\/div>\n\t\t\t\t<\/div>\n\t\t<div class=\"elementor-element elementor-element-e01d2d0 e-con-full e-flex e-con e-child\" data-id=\"e01d2d0\" data-element_type=\"container\">\n\t\t\t\t<div class=\"elementor-element elementor-element-56a6678 elementor-widget elementor-widget-image\" data-id=\"56a6678\" data-element_type=\"widget\" data-widget_type=\"image.default\">\n\t\t\t\t<div class=\"elementor-widget-container\">\n\t\t\t\t\t\t\t\t\t\t\t\t\t<img loading=\"lazy\" decoding=\"async\" width=\"800\" height=\"400\" src=\"https:\/\/casaldesantvi.com\/wp-content\/uploads\/2024\/03\/hipica-maver-1024x512.webp\" class=\"attachment-large size-large wp-image-896\" alt=\"\" srcset=\"https:\/\/casaldesantvi.com\/wp-content\/uploads\/2024\/03\/hipica-maver-1024x512.webp 1024w, https:\/\/casaldesantvi.com\/wp-content\/uploads\/2024\/03\/hipica-maver-300x150.webp 300w, https:\/\/casaldesantvi.com\/wp-content\/uploads\/2024\/03\/hipica-maver-768x384.webp 768w, https:\/\/casaldesantvi.com\/wp-content\/uploads\/2024\/03\/hipica-maver.webp 1080w\" sizes=\"(max-width: 800px) 100vw, 800px\" \/>\t\t\t\t\t\t\t\t\t\t\t\t\t<\/div>\n\t\t\t\t<\/div>\n\t\t\t\t<\/div>\n\t\t\t\t\t<\/div>\n\t\t\t\t<\/div>\n\t\t<div class=\"elementor-element elementor-element-db3228f e-flex e-con-boxed e-con e-parent\" data-id=\"db3228f\" data-element_type=\"container\">\n\t\t\t\t\t<div class=\"e-con-inner\">\n\t\t<div class=\"elementor-element elementor-element-c7afb21 e-con-full e-flex e-con e-child\" data-id=\"c7afb21\" data-element_type=\"container\">\n\t\t\t\t<div class=\"elementor-element elementor-element-3f95e70 elementor-widget elementor-widget-image\" data-id=\"3f95e70\" data-element_type=\"widget\" data-widget_type=\"image.default\">\n\t\t\t\t<div class=\"elementor-widget-container\">\n\t\t\t\t\t\t\t\t\t\t\t\t\t<img loading=\"lazy\" decoding=\"async\" width=\"800\" height=\"400\" src=\"https:\/\/casaldesantvi.com\/wp-content\/uploads\/2024\/03\/colonia-borgonya-1024x512.webp\" class=\"attachment-large size-large wp-image-894\" alt=\"\" srcset=\"https:\/\/casaldesantvi.com\/wp-content\/uploads\/2024\/03\/colonia-borgonya-1024x512.webp 1024w, https:\/\/casaldesantvi.com\/wp-content\/uploads\/2024\/03\/colonia-borgonya-300x150.webp 300w, https:\/\/casaldesantvi.com\/wp-content\/uploads\/2024\/03\/colonia-borgonya-768x384.webp 768w, https:\/\/casaldesantvi.com\/wp-content\/uploads\/2024\/03\/colonia-borgonya.webp 1200w\" sizes=\"(max-width: 800px) 100vw, 800px\" \/>\t\t\t\t\t\t\t\t\t\t\t\t\t<\/div>\n\t\t\t\t<\/div>\n\t\t\t\t<\/div>\n\t\t<div class=\"elementor-element elementor-element-86c5ed9 e-con-full e-flex e-con e-child\" data-id=\"86c5ed9\" data-element_type=\"container\">\n\t\t\t\t<div class=\"elementor-element elementor-element-b122bdd elementor-widget elementor-widget-heading\" data-id=\"b122bdd\" data-element_type=\"widget\" data-widget_type=\"heading.default\">\n\t\t\t\t<div class=\"elementor-widget-container\">\n\t\t\t<h4 class=\"elementor-heading-title elementor-size-default\">Col\u00f2nia de Borgonya<\/h4>\t\t<\/div>\n\t\t\t\t<\/div>\n\t\t\t\t<div class=\"elementor-element elementor-element-7a6e489 elementor-widget elementor-widget-heading\" data-id=\"7a6e489\" data-element_type=\"widget\" data-widget_type=\"heading.default\">\n\t\t\t\t<div class=\"elementor-widget-container\">\n\t\t\t<p class=\"elementor-heading-title elementor-size-default\">The Fabra i Coats textile colony in Borgony\u00e0, of Scottish origin and declared a cultural asset of national interest.<\/p>\t\t<\/div>\n\t\t\t\t<\/div>\n\t\t\t\t<div class=\"elementor-element elementor-element-3eaaa35 elementor-widget elementor-widget-button\" data-id=\"3eaaa35\" data-element_type=\"widget\" data-widget_type=\"button.default\">\n\t\t\t\t<div class=\"elementor-widget-container\">\n\t\t\t\t\t\t\t\t<a class=\"elementor-button elementor-button-link elementor-size-sm\" href=\"http:\/\/territori.gesbisaura.cat\/colonia-de-borgonya\/\">\n\t\t\t\t\t\t<span class=\"elementor-button-content-wrapper\">\n\t\t\t\t\t\t\t\t\t<span class=\"elementor-button-text\">Get more information<\/span>\n\t\t\t\t\t<\/span>\n\t\t\t\t\t<\/a>\n\t\t\t\t\t\t<\/div>\n\t\t\t\t<\/div>\n\t\t\t\t<\/div>\n\t\t\t\t\t<\/div>\n\t\t\t\t<\/div>\n\t\t<div class=\"elementor-element elementor-element-c1ee8a2 e-flex e-con-boxed e-con e-parent\" data-id=\"c1ee8a2\" data-element_type=\"container\">\n\t\t\t\t\t<div class=\"e-con-inner\">\n\t\t<div class=\"elementor-element elementor-element-0ca6384 e-con-full e-flex e-con e-child\" data-id=\"0ca6384\" data-element_type=\"container\">\n\t\t\t\t<div class=\"elementor-element elementor-element-e15828b elementor-widget elementor-widget-heading\" data-id=\"e15828b\" data-element_type=\"widget\" data-widget_type=\"heading.default\">\n\t\t\t\t<div class=\"elementor-widget-container\">\n\t\t\t<h4 class=\"elementor-heading-title elementor-size-default\">Walking routes<\/h4>\t\t<\/div>\n\t\t\t\t<\/div>\n\t\t\t\t<div class=\"elementor-element elementor-element-ad7f008 elementor-widget elementor-widget-heading\" data-id=\"ad7f008\" data-element_type=\"widget\" data-widget_type=\"heading.default\">\n\t\t\t\t<div class=\"elementor-widget-container\">\n\t\t\t<p class=\"elementor-heading-title elementor-size-default\">An ideal place for long hikes and family walks.\n<\/p>\t\t<\/div>\n\t\t\t\t<\/div>\n\t\t\t\t<div class=\"elementor-element elementor-element-62e5c26 elementor-widget elementor-widget-button\" data-id=\"62e5c26\" data-element_type=\"widget\" data-widget_type=\"button.default\">\n\t\t\t\t<div class=\"elementor-widget-container\">\n\t\t\t\t\t\t\t\t<a class=\"elementor-button elementor-button-link elementor-size-sm\" href=\"https:\/\/ca.wikiloc.com\/wikiloc\/map.do?sw=-89.999%2C-179.999&#038;ne=89.999%2C179.999&#038;q=Sant%20vicen%C3%A7%20de%20torell%C3%B3&#038;fitMapToTrails=1&#038;page=1\">\n\t\t\t\t\t\t<span class=\"elementor-button-content-wrapper\">\n\t\t\t\t\t\t\t\t\t<span class=\"elementor-button-text\">Discover them all!<\/span>\n\t\t\t\t\t<\/span>\n\t\t\t\t\t<\/a>\n\t\t\t\t\t\t<\/div>\n\t\t\t\t<\/div>\n\t\t\t\t<\/div>\n\t\t<div class=\"elementor-element elementor-element-98edcc1 e-con-full e-flex e-con e-child\" data-id=\"98edcc1\" data-element_type=\"container\">\n\t\t\t\t<div class=\"elementor-element elementor-element-b1521bd elementor-widget elementor-widget-image\" data-id=\"b1521bd\" data-element_type=\"widget\" data-widget_type=\"image.default\">\n\t\t\t\t<div class=\"elementor-widget-container\">\n\t\t\t\t\t\t\t\t\t\t\t\t\t<img loading=\"lazy\" decoding=\"async\" width=\"800\" height=\"400\" src=\"https:\/\/casaldesantvi.com\/wp-content\/uploads\/2024\/03\/rutes-a-peu-1024x512.webp\" class=\"attachment-large size-large wp-image-897\" alt=\"\" srcset=\"https:\/\/casaldesantvi.com\/wp-content\/uploads\/2024\/03\/rutes-a-peu-1024x512.webp 1024w, https:\/\/casaldesantvi.com\/wp-content\/uploads\/2024\/03\/rutes-a-peu-300x150.webp 300w, https:\/\/casaldesantvi.com\/wp-content\/uploads\/2024\/03\/rutes-a-peu-768x384.webp 768w, https:\/\/casaldesantvi.com\/wp-content\/uploads\/2024\/03\/rutes-a-peu.webp 1200w\" sizes=\"(max-width: 800px) 100vw, 800px\" \/>\t\t\t\t\t\t\t\t\t\t\t\t\t<\/div>\n\t\t\t\t<\/div>\n\t\t\t\t<\/div>\n\t\t\t\t\t<\/div>\n\t\t\t\t<\/div>\n\t\t<div class=\"elementor-element elementor-element-0a4f01c e-con-full e-flex e-con e-parent\" data-id=\"0a4f01c\" data-element_type=\"container\">\n\t\t<div class=\"elementor-element elementor-element-a3bc791 e-con-full e-flex e-con e-child\" data-id=\"a3bc791\" data-element_type=\"container\" data-settings=\"{&quot;background_background&quot;:&quot;classic&quot;}\">\n\t\t\t\t<div class=\"elementor-element elementor-element-8844440 elementor-widget elementor-widget-heading\" data-id=\"8844440\" data-element_type=\"widget\" data-widget_type=\"heading.default\">\n\t\t\t\t<div class=\"elementor-widget-container\">\n\t\t\t<h3 class=\"elementor-heading-title elementor-size-default\">Sunday Market<\/h3>\t\t<\/div>\n\t\t\t\t<\/div>\n\t\t\t\t<div class=\"elementor-element elementor-element-9c90c27 elementor-widget elementor-widget-heading\" data-id=\"9c90c27\" data-element_type=\"widget\" data-widget_type=\"heading.default\">\n\t\t\t\t<div class=\"elementor-widget-container\">\n\t\t\t<p class=\"elementor-heading-title elementor-size-default\">With local products and a great atmosphere.<\/p>\t\t<\/div>\n\t\t\t\t<\/div>\n\t\t\t\t<\/div>\n\t\t<div class=\"elementor-element elementor-element-5e68bc3 e-con-full e-flex e-con e-child\" data-id=\"5e68bc3\" data-element_type=\"container\" data-settings=\"{&quot;background_background&quot;:&quot;classic&quot;}\">\n\t\t\t\t<div class=\"elementor-element elementor-element-2e0f4df elementor-widget elementor-widget-heading\" data-id=\"2e0f4df\" data-element_type=\"widget\" data-widget_type=\"heading.default\">\n\t\t\t\t<div class=\"elementor-widget-container\">\n\t\t\t<h3 class=\"elementor-heading-title elementor-size-default\">Romanesque Church<\/h3>\t\t<\/div>\n\t\t\t\t<\/div>\n\t\t\t\t<div class=\"elementor-element elementor-element-f4e23df elementor-widget elementor-widget-heading\" data-id=\"f4e23df\" data-element_type=\"widget\" data-widget_type=\"heading.default\">\n\t\t\t\t<div class=\"elementor-widget-container\">\n\t\t\t<p class=\"elementor-heading-title elementor-size-default\">A very interesting historical landmark.<\/p>\t\t<\/div>\n\t\t\t\t<\/div>\n\t\t\t\t<\/div>\n\t\t<div class=\"elementor-element elementor-element-c0efe48 e-con-full e-flex e-con e-child\" data-id=\"c0efe48\" data-element_type=\"container\" data-settings=\"{&quot;background_background&quot;:&quot;classic&quot;}\">\n\t\t\t\t<div class=\"elementor-element elementor-element-1333ab2 elementor-widget elementor-widget-heading\" data-id=\"1333ab2\" data-element_type=\"widget\" data-widget_type=\"heading.default\">\n\t\t\t\t<div class=\"elementor-widget-container\">\n\t\t\t<h3 class=\"elementor-heading-title elementor-size-default\">El Casal de Santvi<\/h3>\t\t<\/div>\n\t\t\t\t<\/div>\n\t\t\t\t<div class=\"elementor-element elementor-element-3e91d57 elementor-widget elementor-widget-heading\" data-id=\"3e91d57\" data-element_type=\"widget\" data-widget_type=\"heading.default\">\n\t\t\t\t<div class=\"elementor-widget-container\">\n\t\t\t<p class=\"elementor-heading-title elementor-size-default\">To finish, you can come and enjoy our terrace!\n\n<\/p>\t\t<\/div>\n\t\t\t\t<\/div>\n\t\t\t\t<\/div>\n\t\t\t\t<\/div>\n\t\t\t\t<\/div>\n\t\t","protected":false},"excerpt":{"rendered":"<p>DESCOBREIX SANT VICEN\u00c7 Descobreix les meravelles de Sant Vicen\u00e7 de Torell\u00f3! El Jardinet del Casal Un petit cobert on pots comprar plantes de la forma m\u00e9s autentica! D\u00f3na una ullada al seu Instagram Forn de pa Glina Un dels pocs forns de pa i pastisseria artesanals de la comarca, no t&#8217;ho perdis! Obert el diumenge. [&hellip;]<\/p>\n","protected":false},"author":1,"featured_media":0,"parent":0,"menu_order":0,"comment_status":"closed","ping_status":"closed","template":"elementor_header_footer","meta":{"footnotes":""},"class_list":["post-636","page","type-page","status-publish","hentry"],"_links":{"self":[{"href":"https:\/\/casaldesantvi.com\/en\/wp-json\/wp\/v2\/pages\/636"}],"collection":[{"href":"https:\/\/casaldesantvi.com\/en\/wp-json\/wp\/v2\/pages"}],"about":[{"href":"https:\/\/casaldesantvi.com\/en\/wp-json\/wp\/v2\/types\/page"}],"author":[{"embeddable":true,"href":"https:\/\/casaldesantvi.com\/en\/wp-json\/wp\/v2\/users\/1"}],"replies":[{"embeddable":true,"href":"https:\/\/casaldesantvi.com\/en\/wp-json\/wp\/v2\/comments?post=636"}],"version-history":[{"count":47,"href":"https:\/\/casaldesantvi.com\/en\/wp-json\/wp\/v2\/pages\/636\/revisions"}],"predecessor-version":[{"id":1358,"href":"https:\/\/casaldesantvi.com\/en\/wp-json\/wp\/v2\/pages\/636\/revisions\/1358"}],"wp:attachment":[{"href":"https:\/\/casaldesantvi.com\/en\/wp-json\/wp\/v2\/media?parent=636"}],"curies":[{"name":"wp","href":"https:\/\/api.w.org\/{rel}","templated":true}]}}