{"id":638,"date":"2024-02-28T23:36:15","date_gmt":"2024-02-28T22:36:15","guid":{"rendered":"https:\/\/casaldesantvi.com\/?page_id=638"},"modified":"2024-12-24T11:44:33","modified_gmt":"2024-12-24T10:44:33","slug":"contacte","status":"publish","type":"page","link":"https:\/\/casaldesantvi.com\/en\/contacte\/","title":{"rendered":"Contact"},"content":{"rendered":"\t\t<div data-elementor-type=\"wp-page\" data-elementor-id=\"638\" class=\"elementor elementor-638\" data-elementor-post-type=\"page\">\n\t\t\t\t<div class=\"elementor-element elementor-element-5a9cccd e-con-full e-flex e-con e-parent\" data-id=\"5a9cccd\" data-element_type=\"container\">\n\t\t<div class=\"elementor-element elementor-element-9562659 e-con-full e-flex e-con e-child\" data-id=\"9562659\" data-element_type=\"container\" data-settings=\"{&quot;background_background&quot;:&quot;classic&quot;}\">\n\t\t\t\t<div class=\"elementor-element elementor-element-135316b elementor-widget elementor-widget-heading\" data-id=\"135316b\" data-element_type=\"widget\" data-widget_type=\"heading.default\">\n\t\t\t\t<div class=\"elementor-widget-container\">\n\t\t\t<h3 class=\"elementor-heading-title elementor-size-default\">Where are we?<\/h3>\t\t<\/div>\n\t\t\t\t<\/div>\n\t\t\t\t<div class=\"elementor-element elementor-element-fd9e100 elementor-widget elementor-widget-heading\" data-id=\"fd9e100\" data-element_type=\"widget\" data-widget_type=\"heading.default\">\n\t\t\t\t<div class=\"elementor-widget-container\">\n\t\t\t<h5 class=\"elementor-heading-title elementor-size-default\">The Casal de Santvi is located in the center of Sant Vicen\u00e7 de Torell\u00f3.\nPrivileged for its views, the venue has full accessibility for people with reduced mobility, an exclusive parking lot for motorcycles right next to the entrance, and a secure place to leave your bicycles while you're with us.<\/h5>\t\t<\/div>\n\t\t\t\t<\/div>\n\t\t\t\t<div class=\"elementor-element elementor-element-84a420c elementor-widget elementor-widget-image\" data-id=\"84a420c\" data-element_type=\"widget\" data-widget_type=\"image.default\">\n\t\t\t\t<div class=\"elementor-widget-container\">\n\t\t\t\t\t\t\t\t\t\t\t\t\t<img fetchpriority=\"high\" decoding=\"async\" width=\"800\" height=\"600\" src=\"https:\/\/casaldesantvi.com\/wp-content\/uploads\/2024\/02\/IMG_20200903_113616-1024x768.jpg\" class=\"attachment-large size-large wp-image-641\" alt=\"\" srcset=\"https:\/\/casaldesantvi.com\/wp-content\/uploads\/2024\/02\/IMG_20200903_113616-1024x768.jpg 1024w, https:\/\/casaldesantvi.com\/wp-content\/uploads\/2024\/02\/IMG_20200903_113616-300x225.jpg 300w, https:\/\/casaldesantvi.com\/wp-content\/uploads\/2024\/02\/IMG_20200903_113616-768x576.jpg 768w, https:\/\/casaldesantvi.com\/wp-content\/uploads\/2024\/02\/IMG_20200903_113616-1536x1152.jpg 1536w, https:\/\/casaldesantvi.com\/wp-content\/uploads\/2024\/02\/IMG_20200903_113616-2048x1536.jpg 2048w\" sizes=\"(max-width: 800px) 100vw, 800px\" \/>\t\t\t\t\t\t\t\t\t\t\t\t\t<\/div>\n\t\t\t\t<\/div>\n\t\t\t\t<\/div>\n\t\t<div class=\"elementor-element elementor-element-9583f6b e-con-full e-flex e-con e-child\" data-id=\"9583f6b\" data-element_type=\"container\">\n\t\t\t\t<div class=\"elementor-element elementor-element-918a75b elementor-widget elementor-widget-heading\" data-id=\"918a75b\" data-element_type=\"widget\" data-widget_type=\"heading.default\">\n\t\t\t\t<div class=\"elementor-widget-container\">\n\t\t\t<h4 class=\"elementor-heading-title elementor-size-default\">Come visit us<\/h4>\t\t<\/div>\n\t\t\t\t<\/div>\n\t\t\t\t<div class=\"elementor-element elementor-element-c606cfe elementor-widget elementor-widget-heading\" data-id=\"c606cfe\" data-element_type=\"widget\" data-widget_type=\"heading.default\">\n\t\t\t\t<div class=\"elementor-widget-container\">\n\t\t\t<h5 class=\"elementor-heading-title elementor-size-default\">Our address:\nCarrer Major, 4, 08571 Sant Vicen\u00e7 de Torell\u00f3, Barcelona<\/h5>\t\t<\/div>\n\t\t\t\t<\/div>\n\t\t\t\t<div class=\"elementor-element elementor-element-02417ef elementor-widget elementor-widget-heading\" data-id=\"02417ef\" data-element_type=\"widget\" data-widget_type=\"heading.default\">\n\t\t\t\t<div class=\"elementor-widget-container\">\n\t\t\t<h5 class=\"elementor-heading-title elementor-size-default\">For reservations:\n93 850 48 99<\/h5>\t\t<\/div>\n\t\t\t\t<\/div>\n\t\t\t\t<div class=\"elementor-element elementor-element-0b30bcb elementor-widget elementor-widget-heading\" data-id=\"0b30bcb\" data-element_type=\"widget\" data-widget_type=\"heading.default\">\n\t\t\t\t<div class=\"elementor-widget-container\">\n\t\t\t<h5 class=\"elementor-heading-title elementor-size-default\">Opening hours:\n\nMonday - Closed\n\nTuesday - 5:00 PM \u2013 11:00 PM\n\nWednesday - 8:00 AM \u2013 11:00 PM\n\nThursday - 8:00 AM \u2013 11:00 PM\n\nFriday - 8:00 AM \u2013 11:00 PM\n\nSaturday - 8:00 AM \u2013 11:00 PM\n\nSunday - 8:00 AM \u2013 11:00 PM<\/h5>\t\t<\/div>\n\t\t\t\t<\/div>\n\t\t\t\t<div class=\"elementor-element elementor-element-d39d948 elementor-widget elementor-widget-google_maps\" data-id=\"d39d948\" data-element_type=\"widget\" data-widget_type=\"google_maps.default\">\n\t\t\t\t<div class=\"elementor-widget-container\">\n\t\t\t\t\t<div class=\"elementor-custom-embed\">\n\t\t\t<iframe loading=\"lazy\"\n\t\t\t\t\tsrc=\"https:\/\/maps.google.com\/maps?q=Carrer%20Major%2C%204%2C%2008571%20Sant%20Vicen%C3%A7%20de%20Torell%C3%B3%2C%20Barcelona&#038;t=m&#038;z=16&#038;output=embed&#038;iwloc=near\"\n\t\t\t\t\ttitle=\"Carrer Major, 4, 08571 Sant Vicen\u00e7 de Torell\u00f3, Barcelona\"\n\t\t\t\t\taria-label=\"Carrer Major, 4, 08571 Sant Vicen\u00e7 de Torell\u00f3, Barcelona\"\n\t\t\t><\/iframe>\n\t\t<\/div>\n\t\t\t\t<\/div>\n\t\t\t\t<\/div>\n\t\t\t\t<\/div>\n\t\t\t\t<\/div>\n\t\t\t\t<\/div>\n\t\t","protected":false},"excerpt":{"rendered":"<p>On som? El Casal de Santvi est\u00e0 al centre de Sant Vicen\u00e7 de Torell\u00f3. Privilegiat per les seves vistes, el local t\u00e9 total accessibilitat per persones amb mobilitat redu\u00efda, compta amb un aparcament per motos exclusiu just al costat de l&#8217;entrada i un lloc segur per deixar les bicicletes mentre estigueu amb nosaltres. Vine a [&hellip;]<\/p>\n","protected":false},"author":1,"featured_media":0,"parent":0,"menu_order":0,"comment_status":"closed","ping_status":"closed","template":"elementor_header_footer","meta":{"footnotes":""},"class_list":["post-638","page","type-page","status-publish","hentry"],"_links":{"self":[{"href":"https:\/\/casaldesantvi.com\/en\/wp-json\/wp\/v2\/pages\/638"}],"collection":[{"href":"https:\/\/casaldesantvi.com\/en\/wp-json\/wp\/v2\/pages"}],"about":[{"href":"https:\/\/casaldesantvi.com\/en\/wp-json\/wp\/v2\/types\/page"}],"author":[{"embeddable":true,"href":"https:\/\/casaldesantvi.com\/en\/wp-json\/wp\/v2\/users\/1"}],"replies":[{"embeddable":true,"href":"https:\/\/casaldesantvi.com\/en\/wp-json\/wp\/v2\/comments?post=638"}],"version-history":[{"count":61,"href":"https:\/\/casaldesantvi.com\/en\/wp-json\/wp\/v2\/pages\/638\/revisions"}],"predecessor-version":[{"id":1367,"href":"https:\/\/casaldesantvi.com\/en\/wp-json\/wp\/v2\/pages\/638\/revisions\/1367"}],"wp:attachment":[{"href":"https:\/\/casaldesantvi.com\/en\/wp-json\/wp\/v2\/media?parent=638"}],"curies":[{"name":"wp","href":"https:\/\/api.w.org\/{rel}","templated":true}]}}