{"id":802,"date":"2024-02-29T22:57:23","date_gmt":"2024-02-29T21:57:23","guid":{"rendered":"https:\/\/casaldesantvi.com\/?page_id=802"},"modified":"2024-12-24T11:04:15","modified_gmt":"2024-12-24T10:04:15","slug":"802-2","status":"publish","type":"page","link":"https:\/\/casaldesantvi.com\/en\/","title":{"rendered":"home"},"content":{"rendered":"\t\t<div data-elementor-type=\"wp-page\" data-elementor-id=\"802\" class=\"elementor elementor-802\" data-elementor-post-type=\"page\">\n\t\t\t\t<div class=\"elementor-element elementor-element-3fcbd45 e-con-full e-flex e-con e-parent\" data-id=\"3fcbd45\" data-element_type=\"container\" data-settings=\"{&quot;background_background&quot;:&quot;video&quot;,&quot;background_video_link&quot;:&quot;https:\\\/\\\/vimeo.com\\\/531192337\\\/791fe6c634&quot;,&quot;background_play_on_mobile&quot;:&quot;yes&quot;}\">\n\t\t<div class=\"elementor-background-video-container\">\n\t\t\t\t\t\t\t<div class=\"elementor-background-video-embed\"><\/div>\n\t\t\t\t\t\t<\/div>\t\t<div class=\"elementor-element elementor-element-914a30f elementor-widget elementor-widget-image\" data-id=\"914a30f\" data-element_type=\"widget\" data-widget_type=\"image.default\">\n\t\t\t\t<div class=\"elementor-widget-container\">\n\t\t\t\t\t\t\t\t\t\t\t\t\t<img fetchpriority=\"high\" decoding=\"async\" width=\"338\" height=\"338\" src=\"https:\/\/casaldesantvi.com\/wp-content\/uploads\/2024\/02\/logo-b-2.png\" class=\"attachment-large size-large wp-image-40\" alt=\"logo-blanc\" srcset=\"https:\/\/casaldesantvi.com\/wp-content\/uploads\/2024\/02\/logo-b-2.png 338w, https:\/\/casaldesantvi.com\/wp-content\/uploads\/2024\/02\/logo-b-2-300x300.png 300w, https:\/\/casaldesantvi.com\/wp-content\/uploads\/2024\/02\/logo-b-2-150x150.png 150w\" sizes=\"(max-width: 338px) 100vw, 338px\" \/>\t\t\t\t\t\t\t\t\t\t\t\t\t<\/div>\n\t\t\t\t<\/div>\n\t\t\t\t<div class=\"elementor-element elementor-element-1842d96 elementor-widget elementor-widget-heading\" data-id=\"1842d96\" data-element_type=\"widget\" data-widget_type=\"heading.default\">\n\t\t\t\t<div class=\"elementor-widget-container\">\n\t\t\t<h2 class=\"elementor-heading-title elementor-size-default\">Bar - Restaurant<\/h2>\t\t<\/div>\n\t\t\t\t<\/div>\n\t\t\t\t<\/div>\n\t\t<div class=\"elementor-element elementor-element-faec383 e-con-full e-flex e-con e-parent\" data-id=\"faec383\" data-element_type=\"container\">\n\t\t<div class=\"elementor-element elementor-element-3b18d6a e-flex e-con-boxed e-con e-child\" data-id=\"3b18d6a\" data-element_type=\"container\">\n\t\t\t\t\t<div class=\"e-con-inner\">\n\t\t<div class=\"elementor-element elementor-element-e01a109 e-con-full e-flex e-con e-child\" data-id=\"e01a109\" data-element_type=\"container\">\n\t\t\t\t<div class=\"elementor-element elementor-element-bea102c elementor-widget elementor-widget-heading\" data-id=\"bea102c\" data-element_type=\"widget\" data-widget_type=\"heading.default\">\n\t\t\t\t<div class=\"elementor-widget-container\">\n\t\t\t<h2 class=\"elementor-heading-title elementor-size-default\">\nEnjoy the Casal de Santvi<\/h2>\t\t<\/div>\n\t\t\t\t<\/div>\n\t\t\t\t<\/div>\n\t\t<div class=\"elementor-element elementor-element-e059717 e-con-full e-flex e-con e-child\" data-id=\"e059717\" data-element_type=\"container\">\n\t\t\t\t<div class=\"elementor-element elementor-element-e9556b6 elementor-widget elementor-widget-heading\" data-id=\"e9556b6\" data-element_type=\"widget\" data-widget_type=\"heading.default\">\n\t\t\t\t<div class=\"elementor-widget-container\">\n\t\t\t<p class=\"elementor-heading-title elementor-size-default\">Montse decided to open the Casal to provide the town <br>and the surrounding areas with a pleasant place for everyone, to meet <br>and enjoy good moments and great company. <br>Always accompanied by great food and excellent service.<\/p>\t\t<\/div>\n\t\t\t\t<\/div>\n\t\t\t\t<\/div>\n\t\t\t\t\t<\/div>\n\t\t\t\t<\/div>\n\t\t\t\t<\/div>\n\t\t<div class=\"elementor-element elementor-element-184b2a4 e-con-full e-flex e-con e-parent\" data-id=\"184b2a4\" data-element_type=\"container\">\n\t\t\t\t<div class=\"elementor-element elementor-element-0a0004d elementor-arrows-position-inside elementor-pagination-position-outside elementor-widget elementor-widget-image-carousel\" data-id=\"0a0004d\" data-element_type=\"widget\" data-settings=\"{&quot;slides_to_show&quot;:&quot;3&quot;,&quot;slides_to_scroll&quot;:&quot;1&quot;,&quot;navigation&quot;:&quot;both&quot;,&quot;autoplay&quot;:&quot;yes&quot;,&quot;pause_on_hover&quot;:&quot;yes&quot;,&quot;pause_on_interaction&quot;:&quot;yes&quot;,&quot;autoplay_speed&quot;:5000,&quot;infinite&quot;:&quot;yes&quot;,&quot;speed&quot;:500}\" data-widget_type=\"image-carousel.default\">\n\t\t\t\t<div class=\"elementor-widget-container\">\n\t\t\t\t\t<div class=\"elementor-image-carousel-wrapper swiper\" dir=\"ltr\">\n\t\t\t<div class=\"elementor-image-carousel swiper-wrapper\" aria-live=\"off\">\n\t\t\t\t\t\t\t\t<div class=\"swiper-slide\" role=\"group\" aria-roledescription=\"slide\" aria-label=\"1 of 3\"><figure class=\"swiper-slide-inner\"><img decoding=\"async\" class=\"swiper-slide-image\" src=\"https:\/\/casaldesantvi.com\/wp-content\/uploads\/2024\/03\/terrassa-casal-1024x768.webp\" alt=\"terrassa casal\" \/><\/figure><\/div><div class=\"swiper-slide\" role=\"group\" aria-roledescription=\"slide\" aria-label=\"2 of 3\"><figure class=\"swiper-slide-inner\"><img decoding=\"async\" class=\"swiper-slide-image\" src=\"https:\/\/casaldesantvi.com\/wp-content\/uploads\/2024\/02\/IMG_20200903_120640-1024x768.jpg\" alt=\"sdr\" \/><\/figure><\/div><div class=\"swiper-slide\" role=\"group\" aria-roledescription=\"slide\" aria-label=\"3 of 3\"><figure class=\"swiper-slide-inner\"><img decoding=\"async\" class=\"swiper-slide-image\" src=\"https:\/\/casaldesantvi.com\/wp-content\/uploads\/2024\/02\/IMG_20200903_113616-1024x768.jpg\" alt=\"IMG_20200903_113616\" \/><\/figure><\/div>\t\t\t<\/div>\n\t\t\t\t\t\t\t\t\t\t\t\t<div class=\"elementor-swiper-button elementor-swiper-button-prev\" role=\"button\" tabindex=\"0\">\n\t\t\t\t\t\t<svg aria-hidden=\"true\" class=\"e-font-icon-svg e-eicon-chevron-left\" viewBox=\"0 0 1000 1000\" xmlns=\"http:\/\/www.w3.org\/2000\/svg\"><path d=\"M646 125C629 125 613 133 604 142L308 442C296 454 292 471 292 487 292 504 296 521 308 533L604 854C617 867 629 875 646 875 663 875 679 871 692 858 704 846 713 829 713 812 713 796 708 779 692 767L438 487 692 225C700 217 708 204 708 187 708 171 704 154 692 142 675 129 663 125 646 125Z\"><\/path><\/svg>\t\t\t\t\t<\/div>\n\t\t\t\t\t<div class=\"elementor-swiper-button elementor-swiper-button-next\" role=\"button\" tabindex=\"0\">\n\t\t\t\t\t\t<svg aria-hidden=\"true\" class=\"e-font-icon-svg e-eicon-chevron-right\" viewBox=\"0 0 1000 1000\" xmlns=\"http:\/\/www.w3.org\/2000\/svg\"><path d=\"M696 533C708 521 713 504 713 487 713 471 708 454 696 446L400 146C388 133 375 125 354 125 338 125 325 129 313 142 300 154 292 171 292 187 292 204 296 221 308 233L563 492 304 771C292 783 288 800 288 817 288 833 296 850 308 863 321 871 338 875 354 875 371 875 388 867 400 854L696 533Z\"><\/path><\/svg>\t\t\t\t\t<\/div>\n\t\t\t\t\n\t\t\t\t\t\t\t\t\t<div class=\"swiper-pagination\"><\/div>\n\t\t\t\t\t\t\t\t\t<\/div>\n\t\t\t\t<\/div>\n\t\t\t\t<\/div>\n\t\t\t\t<\/div>\n\t\t<div class=\"elementor-element elementor-element-e639fc8 e-flex e-con-boxed e-con e-parent\" data-id=\"e639fc8\" data-element_type=\"container\">\n\t\t\t\t\t<div class=\"e-con-inner\">\n\t\t\t\t<div class=\"elementor-element elementor-element-9f1278e elementor-widget elementor-widget-heading\" data-id=\"9f1278e\" data-element_type=\"widget\" data-widget_type=\"heading.default\">\n\t\t\t\t<div class=\"elementor-widget-container\">\n\t\t\t<p class=\"elementor-heading-title elementor-size-default\">Our goal is for you to feel comfortable with us, promote local products, and fully enjoy your time at the Casal.<\/p>\t\t<\/div>\n\t\t\t\t<\/div>\n\t\t\t\t<div class=\"elementor-element elementor-element-2cb6291 elementor-align-center elementor-widget elementor-widget-button\" data-id=\"2cb6291\" data-element_type=\"widget\" data-widget_type=\"button.default\">\n\t\t\t\t<div class=\"elementor-widget-container\">\n\t\t\t\t\t\t\t\t<a class=\"elementor-button elementor-button-link elementor-size-sm\" href=\"https:\/\/casaldesantvi.com\/en\/nosaltres\/\">\n\t\t\t\t\t\t<span class=\"elementor-button-content-wrapper\">\n\t\t\t\t\t\t\t\t\t<span class=\"elementor-button-text\">Learn more about us<\/span>\n\t\t\t\t\t<\/span>\n\t\t\t\t\t<\/a>\n\t\t\t\t\t\t<\/div>\n\t\t\t\t<\/div>\n\t\t\t\t\t<\/div>\n\t\t\t\t<\/div>\n\t\t<div class=\"elementor-element elementor-element-f7ad9ad e-flex e-con-boxed e-con e-parent\" data-id=\"f7ad9ad\" data-element_type=\"container\">\n\t\t\t\t\t<div class=\"e-con-inner\">\n\t\t\t\t<div class=\"elementor-element elementor-element-15814e6 elementor-widget elementor-widget-html\" data-id=\"15814e6\" data-element_type=\"widget\" data-widget_type=\"html.default\">\n\t\t\t\t<div class=\"elementor-widget-container\">\n\t\t\t<pre class=\"ti-widget\" style=\"display: none\"><template id=\"trustindex-google-widget-html\"><div class=\"ti-widget ti-goog ti-review-text-mode-readmore ti-text-align-left\" data-no-translation=\"true\" data-time-locale=\"hace %d %s|hoy|d\u00eda|d\u00edas|semana|semanas|mes|meses|a\u00f1o|a\u00f1os\" data-layout-id=\"4\" data-layout-category=\"slider\" data-set-id=\"drop-shadow\" data-pid=\"\" data-language=\"es\" data-review-target-width=\"300\" data-css-version=\"2\" data-review-text-mode=\"readmore\" data-reply-by-locale=\"Respuesta del propietario\" data-pager-autoplay-timeout=\"6\" > <div class=\"ti-widget-container ti-col-3\"> <div class=\"ti-reviews-container\"> <div class=\"ti-controls\"> <div class=\"ti-next\" aria-label=\"Siguiente rese\u00f1a\" role=\"button\"><\/div> <div class=\"ti-prev\" aria-label=\"Rese\u00f1a anterior\" role=\"button\"><\/div> <\/div> <div class=\"ti-reviews-container-wrapper\">  <div data-empty=\"0\" data-time=\"1709510400\" class=\"ti-review-item source-Google ti-image-layout-thumbnail\" data-id=\"cfcd208495d565ef66e7dff9f98764da\" > <div class=\"ti-inner\"> <div class=\"ti-review-header\"> <img loading=\"lazy\" class=\"ti-platform-icon\" data-ti-src=\"https:\/\/cdn.trustindex.io\/assets\/platform\/Google\/icon.svg\" alt=\"Google\" width=\"20\" height=\"20\" loading=\"lazy\" \/> <div class=\"ti-profile-img\"> <img data-ti-src=\"https:\/\/lh3.googleusercontent.com\/a-\/ALV-UjVSxsYy5EeG6k8zTNvCUkrfU7tWqz42LYF00metpwD-iGY=w40-h40-c-rp-mo-ba5-br100\" data-ti-srcset=\"https:\/\/lh3.googleusercontent.com\/a-\/ALV-UjVSxsYy5EeG6k8zTNvCUkrfU7tWqz42LYF00metpwD-iGY=w80-h80-c-rp-mo-ba5-br100 2x\" alt=\"Spitfire XV\" loading=\"lazy\" \/> <\/div> <div class=\"ti-profile-details\"> <div class=\"ti-name\"> Spitfire XV <\/div> <div class=\"ti-date\"><\/div> <\/div> <\/div> <span class=\"ti-stars\"><img loading=\"lazy\" class=\"ti-star\" data-ti-src=\"https:\/\/cdn.trustindex.io\/assets\/platform\/Google\/star\/f.svg\" alt=\"Google\" width=\"17\" height=\"17\" loading=\"lazy\" \/><img loading=\"lazy\" class=\"ti-star\" data-ti-src=\"https:\/\/cdn.trustindex.io\/assets\/platform\/Google\/star\/f.svg\" alt=\"Google\" width=\"17\" height=\"17\" loading=\"lazy\" \/><img loading=\"lazy\" class=\"ti-star\" data-ti-src=\"https:\/\/cdn.trustindex.io\/assets\/platform\/Google\/star\/f.svg\" alt=\"Google\" width=\"17\" height=\"17\" loading=\"lazy\" \/><img loading=\"lazy\" class=\"ti-star\" data-ti-src=\"https:\/\/cdn.trustindex.io\/assets\/platform\/Google\/star\/f.svg\" alt=\"Google\" width=\"17\" height=\"17\" loading=\"lazy\" \/><img loading=\"lazy\" class=\"ti-star\" data-ti-src=\"https:\/\/cdn.trustindex.io\/assets\/platform\/Google\/star\/f.svg\" alt=\"Google\" width=\"17\" height=\"17\" loading=\"lazy\" \/><\/span> <div class=\"ti-review-text-container ti-review-content\"><!-- R-CONTENT -->El Bar\/Restaurant molt net i el servei rapit, amable i atent, la relaci\u00f3 cualitat preu molt correcte....per posar una pega, el xai, hi avan peces casi fredes....<!-- R-CONTENT --><\/div> <span class=\"ti-read-more\" data-container=\".ti-review-content\" data-collapse-text=\"Ocultar\" data-open-text=\"Leer m\u00e1s\" ><\/span> <\/div> <\/div>  <div data-empty=\"0\" data-time=\"1704931200\" class=\"ti-review-item source-Google ti-image-layout-thumbnail\" data-id=\"cfcd208495d565ef66e7dff9f98764da\" > <div class=\"ti-inner\"> <div class=\"ti-review-header\"> <img loading=\"lazy\" class=\"ti-platform-icon\" data-ti-src=\"https:\/\/cdn.trustindex.io\/assets\/platform\/Google\/icon.svg\" alt=\"Google\" width=\"20\" height=\"20\" loading=\"lazy\" \/> <div class=\"ti-profile-img\"> <img data-ti-src=\"https:\/\/lh3.googleusercontent.com\/a\/ACg8ocKOSgda118y6cYn51oRdFmkit-WfqyCEedQzu3adIxm=w40-h40-c-rp-mo-ba3-br100\" data-ti-srcset=\"https:\/\/lh3.googleusercontent.com\/a\/ACg8ocKOSgda118y6cYn51oRdFmkit-WfqyCEedQzu3adIxm=w80-h80-c-rp-mo-ba3-br100 2x\" alt=\"montse vigara\" loading=\"lazy\" \/> <\/div> <div class=\"ti-profile-details\"> <div class=\"ti-name\"> montse vigara <\/div> <div class=\"ti-date\"><\/div> <\/div> <\/div> <span class=\"ti-stars\"><img loading=\"lazy\" class=\"ti-star\" data-ti-src=\"https:\/\/cdn.trustindex.io\/assets\/platform\/Google\/star\/f.svg\" alt=\"Google\" width=\"17\" height=\"17\" loading=\"lazy\" \/><img loading=\"lazy\" class=\"ti-star\" data-ti-src=\"https:\/\/cdn.trustindex.io\/assets\/platform\/Google\/star\/f.svg\" alt=\"Google\" width=\"17\" height=\"17\" loading=\"lazy\" \/><img loading=\"lazy\" class=\"ti-star\" data-ti-src=\"https:\/\/cdn.trustindex.io\/assets\/platform\/Google\/star\/f.svg\" alt=\"Google\" width=\"17\" height=\"17\" loading=\"lazy\" \/><img loading=\"lazy\" class=\"ti-star\" data-ti-src=\"https:\/\/cdn.trustindex.io\/assets\/platform\/Google\/star\/f.svg\" alt=\"Google\" width=\"17\" height=\"17\" loading=\"lazy\" \/><img loading=\"lazy\" class=\"ti-star\" data-ti-src=\"https:\/\/cdn.trustindex.io\/assets\/platform\/Google\/star\/f.svg\" alt=\"Google\" width=\"17\" height=\"17\" loading=\"lazy\" \/><\/span> <div class=\"ti-review-text-container ti-review-content\"><!-- R-CONTENT -->Buena comida, carta bastante extensa, precios razonables.\nY una terraza con unas vistas espectaculares.\nY los desayunos increibles, puedes pedir desde unas galtas brasa a un pan con tomate con varias opciones para acompa\u00f1ar.\nEl servicio un poco serio, pero amable.<!-- R-CONTENT --><\/div> <span class=\"ti-read-more\" data-container=\".ti-review-content\" data-collapse-text=\"Ocultar\" data-open-text=\"Leer m\u00e1s\" ><\/span> <\/div> <\/div>  <div data-empty=\"0\" data-time=\"1704844800\" class=\"ti-review-item source-Google ti-image-layout-thumbnail\" data-id=\"cfcd208495d565ef66e7dff9f98764da\" > <div class=\"ti-inner\"> <div class=\"ti-review-header\"> <img loading=\"lazy\" class=\"ti-platform-icon\" data-ti-src=\"https:\/\/cdn.trustindex.io\/assets\/platform\/Google\/icon.svg\" alt=\"Google\" width=\"20\" height=\"20\" loading=\"lazy\" \/> <div class=\"ti-profile-img\"> <img data-ti-src=\"https:\/\/lh3.googleusercontent.com\/a\/ACg8ocKgUJxFg10ey79o5pChN7lfuuoJkHsR8CO1L4O8vYc_=w40-h40-c-rp-mo-br100\" data-ti-srcset=\"https:\/\/lh3.googleusercontent.com\/a\/ACg8ocKgUJxFg10ey79o5pChN7lfuuoJkHsR8CO1L4O8vYc_=w80-h80-c-rp-mo-br100 2x\" alt=\"Joan Manuel Fernandez\" loading=\"lazy\" \/> <\/div> <div class=\"ti-profile-details\"> <div class=\"ti-name\"> Joan Manuel Fernandez <\/div> <div class=\"ti-date\"><\/div> <\/div> <\/div> <span class=\"ti-stars\"><img loading=\"lazy\" class=\"ti-star\" data-ti-src=\"https:\/\/cdn.trustindex.io\/assets\/platform\/Google\/star\/f.svg\" alt=\"Google\" width=\"17\" height=\"17\" loading=\"lazy\" \/><img loading=\"lazy\" class=\"ti-star\" data-ti-src=\"https:\/\/cdn.trustindex.io\/assets\/platform\/Google\/star\/f.svg\" alt=\"Google\" width=\"17\" height=\"17\" loading=\"lazy\" \/><img loading=\"lazy\" class=\"ti-star\" data-ti-src=\"https:\/\/cdn.trustindex.io\/assets\/platform\/Google\/star\/f.svg\" alt=\"Google\" width=\"17\" height=\"17\" loading=\"lazy\" \/><img loading=\"lazy\" class=\"ti-star\" data-ti-src=\"https:\/\/cdn.trustindex.io\/assets\/platform\/Google\/star\/f.svg\" alt=\"Google\" width=\"17\" height=\"17\" loading=\"lazy\" \/><img loading=\"lazy\" class=\"ti-star\" data-ti-src=\"https:\/\/cdn.trustindex.io\/assets\/platform\/Google\/star\/f.svg\" alt=\"Google\" width=\"17\" height=\"17\" loading=\"lazy\" \/><\/span> <div class=\"ti-review-text-container ti-review-content\"><!-- R-CONTENT -->Bon lloc per estar amb companyia i bon menjar.<!-- R-CONTENT --><\/div> <span class=\"ti-read-more\" data-container=\".ti-review-content\" data-collapse-text=\"Ocultar\" data-open-text=\"Leer m\u00e1s\" ><\/span> <\/div> <\/div>  <div data-empty=\"0\" data-time=\"1704326400\" class=\"ti-review-item source-Google ti-image-layout-thumbnail\" data-id=\"cfcd208495d565ef66e7dff9f98764da\" > <div class=\"ti-inner\"> <div class=\"ti-review-header\"> <img loading=\"lazy\" class=\"ti-platform-icon\" data-ti-src=\"https:\/\/cdn.trustindex.io\/assets\/platform\/Google\/icon.svg\" alt=\"Google\" width=\"20\" height=\"20\" loading=\"lazy\" \/> <div class=\"ti-profile-img\"> <img data-ti-src=\"https:\/\/lh3.googleusercontent.com\/a\/ACg8ocJuSE1Vi6JWDpTKpxxb6a3qpePsXrdP9s0pXZO65Zo=w40-h40-c-rp-mo-ba2-br100\" data-ti-srcset=\"https:\/\/lh3.googleusercontent.com\/a\/ACg8ocJuSE1Vi6JWDpTKpxxb6a3qpePsXrdP9s0pXZO65Zo=w80-h80-c-rp-mo-ba2-br100 2x\" alt=\"Esther Perez\" loading=\"lazy\" \/> <\/div> <div class=\"ti-profile-details\"> <div class=\"ti-name\"> Esther Perez <\/div> <div class=\"ti-date\"><\/div> <\/div> <\/div> <span class=\"ti-stars\"><img loading=\"lazy\" class=\"ti-star\" data-ti-src=\"https:\/\/cdn.trustindex.io\/assets\/platform\/Google\/star\/f.svg\" alt=\"Google\" width=\"17\" height=\"17\" loading=\"lazy\" \/><img loading=\"lazy\" class=\"ti-star\" data-ti-src=\"https:\/\/cdn.trustindex.io\/assets\/platform\/Google\/star\/f.svg\" alt=\"Google\" width=\"17\" height=\"17\" loading=\"lazy\" \/><img loading=\"lazy\" class=\"ti-star\" data-ti-src=\"https:\/\/cdn.trustindex.io\/assets\/platform\/Google\/star\/f.svg\" alt=\"Google\" width=\"17\" height=\"17\" loading=\"lazy\" \/><img loading=\"lazy\" class=\"ti-star\" data-ti-src=\"https:\/\/cdn.trustindex.io\/assets\/platform\/Google\/star\/f.svg\" alt=\"Google\" width=\"17\" height=\"17\" loading=\"lazy\" \/><img loading=\"lazy\" class=\"ti-star\" data-ti-src=\"https:\/\/cdn.trustindex.io\/assets\/platform\/Google\/star\/e.svg\" alt=\"Google\" width=\"17\" height=\"17\" loading=\"lazy\" \/><\/span> <div class=\"ti-review-text-container ti-review-content\"><!-- R-CONTENT -->Ha hastat molt b\u00e9  em anat una colla amb nens ens han ates molt b\u00e9  i rapid la terrasa ideal per que puguin jugar els menuts .<!-- R-CONTENT --><\/div> <span class=\"ti-read-more\" data-container=\".ti-review-content\" data-collapse-text=\"Ocultar\" data-open-text=\"Leer m\u00e1s\" ><\/span> <\/div> <\/div>  <\/div> <div class=\"ti-controls-line\"> <div class=\"dot\"><\/div> <\/div> <\/div>    <\/div> <\/div> <\/template><\/pre><div data-src=\"https:\/\/cdn.trustindex.io\/loader.js?wp-widget\" data-template-id=\"trustindex-google-widget-html\" data-css-url=\"https:\/\/casaldesantvi.com\/wp-content\/uploads\/trustindex-google-widget.css?1733155993\"><\/div>\t\t<\/div>\n\t\t\t\t<\/div>\n\t\t\t\t\t<\/div>\n\t\t\t\t<\/div>\n\t\t<div class=\"elementor-element elementor-element-50b0026 e-flex e-con-boxed e-con e-parent\" data-id=\"50b0026\" data-element_type=\"container\">\n\t\t\t\t\t<div class=\"e-con-inner\">\n\t\t\t\t<div class=\"elementor-element elementor-element-a01ab52 elementor-widget elementor-widget-html\" data-id=\"a01ab52\" data-element_type=\"widget\" data-widget_type=\"html.default\">\n\t\t\t\t<div class=\"elementor-widget-container\">\n\t\t\t[instagram-feed feed=1]\t\t<\/div>\n\t\t\t\t<\/div>\n\t\t\t\t\t<\/div>\n\t\t\t\t<\/div>\n\t\t\t\t<\/div>\n\t\t","protected":false},"excerpt":{"rendered":"<p>Bar &#8211; Restaurant Disfruta del Casal de Santvi La Montse va decidir obrir el Casal per poder donar al poble i als voltants un lloc agradable per a tothom, per reunir-se i gaudir dels bons moments i de bona companyia. Sempre acompanyat d&#8217;una bona cuina i un bon servei. El nostre objectiu \u00e9s que us [&hellip;]<\/p>\n","protected":false},"author":1,"featured_media":0,"parent":0,"menu_order":0,"comment_status":"closed","ping_status":"closed","template":"elementor_header_footer","meta":{"footnotes":""},"class_list":["post-802","page","type-page","status-publish","hentry"],"_links":{"self":[{"href":"https:\/\/casaldesantvi.com\/en\/wp-json\/wp\/v2\/pages\/802"}],"collection":[{"href":"https:\/\/casaldesantvi.com\/en\/wp-json\/wp\/v2\/pages"}],"about":[{"href":"https:\/\/casaldesantvi.com\/en\/wp-json\/wp\/v2\/types\/page"}],"author":[{"embeddable":true,"href":"https:\/\/casaldesantvi.com\/en\/wp-json\/wp\/v2\/users\/1"}],"replies":[{"embeddable":true,"href":"https:\/\/casaldesantvi.com\/en\/wp-json\/wp\/v2\/comments?post=802"}],"version-history":[{"count":55,"href":"https:\/\/casaldesantvi.com\/en\/wp-json\/wp\/v2\/pages\/802\/revisions"}],"predecessor-version":[{"id":1352,"href":"https:\/\/casaldesantvi.com\/en\/wp-json\/wp\/v2\/pages\/802\/revisions\/1352"}],"wp:attachment":[{"href":"https:\/\/casaldesantvi.com\/en\/wp-json\/wp\/v2\/media?parent=802"}],"curies":[{"name":"wp","href":"https:\/\/api.w.org\/{rel}","templated":true}]}}