{"id":596,"date":"2024-02-28T22:33:11","date_gmt":"2024-02-28T21:33:11","guid":{"rendered":"https:\/\/casaldesantvi.com\/?page_id=596"},"modified":"2025-08-10T18:40:16","modified_gmt":"2025-08-10T16:40:16","slug":"per-esmorzar","status":"publish","type":"page","link":"https:\/\/casaldesantvi.com\/es\/per-esmorzar\/","title":{"rendered":"Para Desayunar"},"content":{"rendered":"\t\t<div data-elementor-type=\"wp-page\" data-elementor-id=\"596\" class=\"elementor elementor-596\" data-elementor-post-type=\"page\">\n\t\t\t\t<div class=\"elementor-element elementor-element-e3257c6 e-flex e-con-boxed e-con e-parent\" data-id=\"e3257c6\" data-element_type=\"container\">\n\t\t\t\t\t<div class=\"e-con-inner\">\n\t\t\t\t<div class=\"elementor-element elementor-element-cacee8e elementor-widget elementor-widget-heading\" data-id=\"cacee8e\" data-element_type=\"widget\" data-widget_type=\"heading.default\">\n\t\t\t\t<div class=\"elementor-widget-container\">\n\t\t\t<h3 class=\"elementor-heading-title elementor-size-default\">Para desayunar\n\n<\/h3>\t\t<\/div>\n\t\t\t\t<\/div>\n\t\t\t\t\t<\/div>\n\t\t\t\t<\/div>\n\t\t<div class=\"elementor-element elementor-element-996ae17 e-flex e-con-boxed e-con e-parent\" data-id=\"996ae17\" data-element_type=\"container\">\n\t\t\t\t\t<div class=\"e-con-inner\">\n\t\t<div class=\"elementor-element elementor-element-eef44cd e-flex e-con-boxed e-con e-child\" data-id=\"eef44cd\" data-element_type=\"container\">\n\t\t\t\t\t<div class=\"e-con-inner\">\n\t\t\t\t<div class=\"elementor-element elementor-element-5cec115 elementor-widget-divider--view-line elementor-widget elementor-widget-divider\" data-id=\"5cec115\" data-element_type=\"widget\" data-widget_type=\"divider.default\">\n\t\t\t\t<div class=\"elementor-widget-container\">\n\t\t\t\t\t<div class=\"elementor-divider\">\n\t\t\t<span class=\"elementor-divider-separator\">\n\t\t\t\t\t\t<\/span>\n\t\t<\/div>\n\t\t\t\t<\/div>\n\t\t\t\t<\/div>\n\t\t\t\t<div class=\"elementor-element elementor-element-07eba96 elementor-widget elementor-widget-heading\" data-id=\"07eba96\" data-element_type=\"widget\" data-widget_type=\"heading.default\">\n\t\t\t\t<div class=\"elementor-widget-container\">\n\t\t\t<h5 class=\"elementor-heading-title elementor-size-default\">- ENTREPANS FREDS -<\/h5>\t\t<\/div>\n\t\t\t\t<\/div>\n\t\t<div class=\"elementor-element elementor-element-57f2a7c e-grid e-con-full e-con e-child\" data-id=\"57f2a7c\" data-element_type=\"container\">\n\t\t\t\t<div class=\"elementor-element elementor-element-71dc273 elementor-widget elementor-widget-text-editor\" data-id=\"71dc273\" data-element_type=\"widget\" data-widget_type=\"text-editor.default\">\n\t\t\t\t<div class=\"elementor-widget-container\">\n\t\t\t\t\t\t\t<p>Bocadillo de queso<\/p><p>Bocadillo de jam\u00f3n dulce<\/p><p>Bocadillo de jam\u00f3n serrano<\/p><p>Bocadillo de longaniza<\/p><p>Bocadillo de fuet<\/p><p>Bocadillo de morcilla<\/p><p>Bocadillo de butifarra blanca<\/p><p>Bocadillo de sobrasada<\/p><p>Bocadillo de at\u00fan<\/p><p>Bocadillo de anchoas<\/p><p>Bocadillo vegetal<\/p>\t\t\t\t\t\t<\/div>\n\t\t\t\t<\/div>\n\t\t\t\t<div class=\"elementor-element elementor-element-5c6dd87 elementor-widget elementor-widget-text-editor\" data-id=\"5c6dd87\" data-element_type=\"widget\" data-widget_type=\"text-editor.default\">\n\t\t\t\t<div class=\"elementor-widget-container\">\n\t\t\t\t\t\t\t<p>2.40\u20ac \/ 3.40\u20ac \/ 4.60\u20ac<\/p><p>2.40\u20ac \/ 3.40\u20ac \/ 4.60\u20ac<\/p><p>2.50\u20ac \/ 3.40\u20ac \/ 4.60\u20ac<\/p><p>2.50\u20ac \/ 3.60\u20ac \/ 4.80\u20ac<\/p><p>2.50\u20ac \/ 3.60\u20ac \/ 4.80\u20ac<\/p><p>2.60\u20ac \/ 3.85\u20ac \/ 5.00\u20ac<\/p><p>2.60\u20ac \/ 3.90\u20ac \/ 5.00\u20ac<\/p><p>2.80\u20ac \/ 4.00\u20ac \/ 5.10\u20ac<\/p><p>2.60\u20ac \/ 4.00\u20ac \/ 5.00\u20ac<\/p><p>3.10\u20ac \/ 4.30\u20ac \/ 5.50\u20ac<\/p><p>2.70\u20ac \/ 4.10\u20ac \/ 5.10\u20ac<\/p>\t\t\t\t\t\t<\/div>\n\t\t\t\t<\/div>\n\t\t\t\t<\/div>\n\t\t\t\t\t<\/div>\n\t\t\t\t<\/div>\n\t\t\t\t\t<\/div>\n\t\t\t\t<\/div>\n\t\t<div class=\"elementor-element elementor-element-1eec36a e-flex e-con-boxed e-con e-parent\" data-id=\"1eec36a\" data-element_type=\"container\">\n\t\t\t\t\t<div class=\"e-con-inner\">\n\t\t<div class=\"elementor-element elementor-element-4d36fa6 e-flex e-con-boxed e-con e-child\" data-id=\"4d36fa6\" data-element_type=\"container\">\n\t\t\t\t\t<div class=\"e-con-inner\">\n\t\t\t\t<div class=\"elementor-element elementor-element-352262c elementor-widget-divider--view-line elementor-widget elementor-widget-divider\" data-id=\"352262c\" data-element_type=\"widget\" data-widget_type=\"divider.default\">\n\t\t\t\t<div class=\"elementor-widget-container\">\n\t\t\t\t\t<div class=\"elementor-divider\">\n\t\t\t<span class=\"elementor-divider-separator\">\n\t\t\t\t\t\t<\/span>\n\t\t<\/div>\n\t\t\t\t<\/div>\n\t\t\t\t<\/div>\n\t\t\t\t<div class=\"elementor-element elementor-element-24d04ab elementor-widget elementor-widget-heading\" data-id=\"24d04ab\" data-element_type=\"widget\" data-widget_type=\"heading.default\">\n\t\t\t\t<div class=\"elementor-widget-container\">\n\t\t\t<h5 class=\"elementor-heading-title elementor-size-default\">- ENTREPANS calents -<\/h5>\t\t<\/div>\n\t\t\t\t<\/div>\n\t\t<div class=\"elementor-element elementor-element-63a39c4 e-grid e-con-full e-con e-child\" data-id=\"63a39c4\" data-element_type=\"container\">\n\t\t\t\t<div class=\"elementor-element elementor-element-910e9bd elementor-widget elementor-widget-text-editor\" data-id=\"910e9bd\" data-element_type=\"widget\" data-widget_type=\"text-editor.default\">\n\t\t\t\t<div class=\"elementor-widget-container\">\n\t\t\t\t\t\t\t<p>Bocadillo de tortilla<\/p><p>Bocadillo de panceta<\/p><p>Bocadillo de bacon<\/p><p>Bocadillo de lomo<\/p><p>Bocadillo de butifarra<\/p><p>Bikini con pan de pay\u00e9s<\/p><p>Bikini salado con pan de pay\u00e9s<\/p>\t\t\t\t\t\t<\/div>\n\t\t\t\t<\/div>\n\t\t\t\t<div class=\"elementor-element elementor-element-f60b9cf elementor-widget elementor-widget-text-editor\" data-id=\"f60b9cf\" data-element_type=\"widget\" data-widget_type=\"text-editor.default\">\n\t\t\t\t<div class=\"elementor-widget-container\">\n\t\t\t\t\t\t\t<p>2.80\u20ac \/ 3.80\u20ac \/ 5.40\u20ac<\/p><p>2.90\u20ac \/ 4.00\u20ac \/ 5.80\u20ac<\/p><p>2.80\u20ac \/ 4.00\u20ac \/ 5.40\u20ac<\/p><p>2.80\u20ac \/ 4.00\u20ac \/ 5.50\u20ac<\/p><p>2.90\u20ac \/ 4.00\u20ac \/ 6.30\u20ac<\/p><p>3.90\u20ac<\/p><p>3.90\u20ac<\/p>\t\t\t\t\t\t<\/div>\n\t\t\t\t<\/div>\n\t\t\t\t<\/div>\n\t\t\t\t\t<\/div>\n\t\t\t\t<\/div>\n\t\t\t\t\t<\/div>\n\t\t\t\t<\/div>\n\t\t<div class=\"elementor-element elementor-element-76d2648 e-flex e-con-boxed e-con e-parent\" data-id=\"76d2648\" data-element_type=\"container\">\n\t\t\t\t\t<div class=\"e-con-inner\">\n\t\t<div class=\"elementor-element elementor-element-03bba7c e-flex e-con-boxed e-con e-child\" data-id=\"03bba7c\" data-element_type=\"container\">\n\t\t\t\t\t<div class=\"e-con-inner\">\n\t\t\t\t<div class=\"elementor-element elementor-element-ed52af3 elementor-widget-divider--view-line elementor-widget elementor-widget-divider\" data-id=\"ed52af3\" data-element_type=\"widget\" data-widget_type=\"divider.default\">\n\t\t\t\t<div class=\"elementor-widget-container\">\n\t\t\t\t\t<div class=\"elementor-divider\">\n\t\t\t<span class=\"elementor-divider-separator\">\n\t\t\t\t\t\t<\/span>\n\t\t<\/div>\n\t\t\t\t<\/div>\n\t\t\t\t<\/div>\n\t\t\t\t<div class=\"elementor-element elementor-element-e25db61 elementor-widget elementor-widget-heading\" data-id=\"e25db61\" data-element_type=\"widget\" data-widget_type=\"heading.default\">\n\t\t\t\t<div class=\"elementor-widget-container\">\n\t\t\t<h5 class=\"elementor-heading-title elementor-size-default\">- plats -<\/h5>\t\t<\/div>\n\t\t\t\t<\/div>\n\t\t<div class=\"elementor-element elementor-element-1221dab e-grid e-con-full e-con e-child\" data-id=\"1221dab\" data-element_type=\"container\">\n\t\t\t\t<div class=\"elementor-element elementor-element-a2fe5b2 elementor-widget elementor-widget-text-editor\" data-id=\"a2fe5b2\" data-element_type=\"widget\" data-widget_type=\"text-editor.default\">\n\t\t\t\t<div class=\"elementor-widget-container\">\n\t\t\t\t\t\t\t<p>Huevos fritos<\/p><p>Panceta<\/p><p>Huevos fritos con panceta o bacon<\/p><p>Butifarra con jud\u00edas<\/p><p>Carrillera de cerdo a la brasa<\/p><p>Cabeza y pie<\/p><p>Alb\u00f3ndigas con guisantes<\/p><p>Calamares a la plancha<\/p><p>Suplemento legumbre<\/p>\t\t\t\t\t\t<\/div>\n\t\t\t\t<\/div>\n\t\t\t\t<div class=\"elementor-element elementor-element-1ff30a1 elementor-hidden-mobile elementor-widget elementor-widget-text-editor\" data-id=\"1ff30a1\" data-element_type=\"widget\" data-widget_type=\"text-editor.default\">\n\t\t\t\t<div class=\"elementor-widget-container\">\n\t\t\t\t\t\t\t<p>3.60\u20ac<\/p>\n<p>5.70\u20ac<\/p>\n<p>6.00\u20ac<\/p>\n<p>7.50\u20ac<\/p>\n<p>7.40\u20ac<\/p>\n<p>7.30\u20ac<\/p>\n<p>7.30\u20ac<\/p>\n<p>7.50\u20ac<\/p>\n<p>1.60\u20ac<\/p>\t\t\t\t\t\t<\/div>\n\t\t\t\t<\/div>\n\t\t\t\t<div class=\"elementor-element elementor-element-cdbb45d elementor-hidden-desktop elementor-hidden-tablet elementor-widget elementor-widget-text-editor\" data-id=\"cdbb45d\" data-element_type=\"widget\" data-widget_type=\"text-editor.default\">\n\t\t\t\t<div class=\"elementor-widget-container\">\n\t\t\t\t\t\t\t<p>3.60\u20ac<\/p><p>5.70\u20ac<\/p><p>6.00\u20ac<br \/><br \/><\/p><p>7.50\u20ac<\/p><p>7.30\u20ac<\/p><p>7.30\u20ac<\/p><p>7.30\u20ac<\/p><p>7.70\u20ac<\/p><p>1.60\u20ac<\/p>\t\t\t\t\t\t<\/div>\n\t\t\t\t<\/div>\n\t\t\t\t<\/div>\n\t\t\t\t\t<\/div>\n\t\t\t\t<\/div>\n\t\t\t\t\t<\/div>\n\t\t\t\t<\/div>\n\t\t\t\t<\/div>\n\t\t","protected":false},"excerpt":{"rendered":"<p>Per esmorzar &#8211; ENTREPANS FREDS &#8211; Entrep\u00e0 de formatge Entrep\u00e0 de pernil dol\u00e7 Entrep\u00e0 de pernil salat Entrep\u00e0 de llonganissa Entrep\u00e0 de fuet Entrep\u00e0 de bull negre Entrep\u00e0 de bull blanc Entrep\u00e0 de sobrassada Entrep\u00e0 de tonyina Entrep\u00e0 d&#8217;anxoves Entrep\u00e0 vegetal 2.40\u20ac \/ 3.40\u20ac \/ 4.60\u20ac 2.40\u20ac \/ 3.40\u20ac \/ 4.60\u20ac 2.50\u20ac \/ 3.40\u20ac \/ [&hellip;]<\/p>\n","protected":false},"author":1,"featured_media":0,"parent":0,"menu_order":0,"comment_status":"closed","ping_status":"closed","template":"elementor_header_footer","meta":{"footnotes":""},"class_list":["post-596","page","type-page","status-publish","hentry"],"_links":{"self":[{"href":"https:\/\/casaldesantvi.com\/es\/wp-json\/wp\/v2\/pages\/596"}],"collection":[{"href":"https:\/\/casaldesantvi.com\/es\/wp-json\/wp\/v2\/pages"}],"about":[{"href":"https:\/\/casaldesantvi.com\/es\/wp-json\/wp\/v2\/types\/page"}],"author":[{"embeddable":true,"href":"https:\/\/casaldesantvi.com\/es\/wp-json\/wp\/v2\/users\/1"}],"replies":[{"embeddable":true,"href":"https:\/\/casaldesantvi.com\/es\/wp-json\/wp\/v2\/comments?post=596"}],"version-history":[{"count":76,"href":"https:\/\/casaldesantvi.com\/es\/wp-json\/wp\/v2\/pages\/596\/revisions"}],"predecessor-version":[{"id":1502,"href":"https:\/\/casaldesantvi.com\/es\/wp-json\/wp\/v2\/pages\/596\/revisions\/1502"}],"wp:attachment":[{"href":"https:\/\/casaldesantvi.com\/es\/wp-json\/wp\/v2\/media?parent=596"}],"curies":[{"name":"wp","href":"https:\/\/api.w.org\/{rel}","templated":true}]}}